{"id":63,"date":"2020-05-20T20:15:17","date_gmt":"2020-05-20T18:15:17","guid":{"rendered":"http:\/\/nejikanbonsai.fr\/?page_id=63"},"modified":"2020-10-08T22:34:07","modified_gmt":"2020-10-08T20:34:07","slug":"apprendre","status":"publish","type":"page","link":"https:\/\/nejikanbonsai.fr\/index.php\/apprendre\/","title":{"rendered":"APPRENDRE"},"content":{"rendered":"\t\t<div data-elementor-type=\"wp-page\" data-elementor-id=\"63\" class=\"elementor elementor-63\">\n\t\t\t\t\t\t<section class=\"elementor-section elementor-top-section elementor-element elementor-element-4b5d270 elementor-section-boxed elementor-section-height-default elementor-section-height-default\" data-id=\"4b5d270\" data-element_type=\"section\" data-e-type=\"section\">\n\t\t\t\t\t\t<div class=\"elementor-container elementor-column-gap-default\">\n\t\t\t\t\t<div class=\"elementor-column elementor-col-100 elementor-top-column elementor-element elementor-element-f48cd7f\" data-id=\"f48cd7f\" data-element_type=\"column\" data-e-type=\"column\">\n\t\t\t<div class=\"elementor-widget-wrap elementor-element-populated\">\n\t\t\t\t\t\t<div class=\"elementor-element elementor-element-842bebf elementor-invisible elementor-widget elementor-widget-image\" data-id=\"842bebf\" data-element_type=\"widget\" data-e-type=\"widget\" data-settings=\"{&quot;_animation&quot;:&quot;zoomIn&quot;}\" data-widget_type=\"image.default\">\n\t\t\t\t<div class=\"elementor-widget-container\">\n\t\t\t\t\t\t\t\t\t\t\t\t\t\t\t<img fetchpriority=\"high\" decoding=\"async\" width=\"1000\" height=\"500\" src=\"https:\/\/nejikanbonsai.fr\/wp-content\/uploads\/2020\/05\/fabrice-huertas-travaille-copie1.jpg\" class=\"attachment-large size-large wp-image-520\" alt=\"\" srcset=\"https:\/\/nejikanbonsai.fr\/wp-content\/uploads\/2020\/05\/fabrice-huertas-travaille-copie1.jpg 1000w, https:\/\/nejikanbonsai.fr\/wp-content\/uploads\/2020\/05\/fabrice-huertas-travaille-copie1-300x150.jpg 300w, https:\/\/nejikanbonsai.fr\/wp-content\/uploads\/2020\/05\/fabrice-huertas-travaille-copie1-768x384.jpg 768w, https:\/\/nejikanbonsai.fr\/wp-content\/uploads\/2020\/05\/fabrice-huertas-travaille-copie1-600x300.jpg 600w\" sizes=\"(max-width: 1000px) 100vw, 1000px\" \/>\t\t\t\t\t\t\t\t\t\t\t\t\t\t\t<\/div>\n\t\t\t\t<\/div>\n\t\t\t\t\t<\/div>\n\t\t<\/div>\n\t\t\t\t\t<\/div>\n\t\t<\/section>\n\t\t\t\t<section class=\"elementor-section elementor-top-section elementor-element elementor-element-dbc342b elementor-section-boxed elementor-section-height-default elementor-section-height-default\" data-id=\"dbc342b\" data-element_type=\"section\" data-e-type=\"section\">\n\t\t\t\t\t\t<div class=\"elementor-container elementor-column-gap-default\">\n\t\t\t\t\t<div class=\"elementor-column elementor-col-33 elementor-top-column elementor-element elementor-element-f319afc\" data-id=\"f319afc\" data-element_type=\"column\" data-e-type=\"column\">\n\t\t\t<div class=\"elementor-widget-wrap elementor-element-populated\">\n\t\t\t\t\t\t<div class=\"elementor-element elementor-element-8d7547f elementor-invisible elementor-widget elementor-widget-image\" data-id=\"8d7547f\" data-element_type=\"widget\" data-e-type=\"widget\" data-settings=\"{&quot;_animation&quot;:&quot;fadeInLeft&quot;}\" data-widget_type=\"image.default\">\n\t\t\t\t<div class=\"elementor-widget-container\">\n\t\t\t\t\t\t\t\t\t\t\t\t\t\t\t\t<a href=\"http:\/\/nejikanbonsai.fr\/wp-content\/uploads\/2020\/05\/Comment-choisir-son-premier-bonsai\u0308.pdf\">\n\t\t\t\t\t\t\t<img decoding=\"async\" width=\"888\" height=\"335\" src=\"https:\/\/nejikanbonsai.fr\/wp-content\/uploads\/2020\/05\/titre-calendar-1.jpg\" class=\"attachment-full size-full wp-image-529\" alt=\"\" srcset=\"https:\/\/nejikanbonsai.fr\/wp-content\/uploads\/2020\/05\/titre-calendar-1.jpg 888w, https:\/\/nejikanbonsai.fr\/wp-content\/uploads\/2020\/05\/titre-calendar-1-300x113.jpg 300w, https:\/\/nejikanbonsai.fr\/wp-content\/uploads\/2020\/05\/titre-calendar-1-768x290.jpg 768w, https:\/\/nejikanbonsai.fr\/wp-content\/uploads\/2020\/05\/titre-calendar-1-600x226.jpg 600w\" sizes=\"(max-width: 888px) 100vw, 888px\" \/>\t\t\t\t\t\t\t\t<\/a>\n\t\t\t\t\t\t\t\t\t\t\t\t\t\t\t<\/div>\n\t\t\t\t<\/div>\n\t\t\t\t\t<\/div>\n\t\t<\/div>\n\t\t\t\t<div class=\"elementor-column elementor-col-33 elementor-top-column elementor-element elementor-element-d25c102\" data-id=\"d25c102\" data-element_type=\"column\" data-e-type=\"column\">\n\t\t\t<div class=\"elementor-widget-wrap elementor-element-populated\">\n\t\t\t\t\t\t<div class=\"elementor-element elementor-element-4b2b061 elementor-invisible elementor-widget elementor-widget-text-editor\" data-id=\"4b2b061\" data-element_type=\"widget\" data-e-type=\"widget\" data-settings=\"{&quot;_animation&quot;:&quot;fadeInRight&quot;}\" data-widget_type=\"text-editor.default\">\n\t\t\t\t<div class=\"elementor-widget-container\">\n\t\t\t\t\t\t\t\t\t<h4 style=\"text-align: left;\"><span style=\"color: #333333;\">Ce fichier explique quel type d&rsquo;arbre est adapt\u00e9 pour d\u00e9buter un bonsa\u00ef<\/span><\/h4><h4 style=\"text-align: left;\"><span style=\"color: #baa4a4;\">\u00a0<\/span><\/h4>\t\t\t\t\t\t\t\t<\/div>\n\t\t\t\t<\/div>\n\t\t\t\t\t<\/div>\n\t\t<\/div>\n\t\t\t\t<div class=\"elementor-column elementor-col-33 elementor-top-column elementor-element elementor-element-d9fb2a2\" data-id=\"d9fb2a2\" data-element_type=\"column\" data-e-type=\"column\">\n\t\t\t<div class=\"elementor-widget-wrap\">\n\t\t\t\t\t\t\t<\/div>\n\t\t<\/div>\n\t\t\t\t\t<\/div>\n\t\t<\/section>\n\t\t\t\t<section class=\"elementor-section elementor-top-section elementor-element elementor-element-a53baf9 elementor-section-boxed elementor-section-height-default elementor-section-height-default\" data-id=\"a53baf9\" data-element_type=\"section\" data-e-type=\"section\">\n\t\t\t\t\t\t<div class=\"elementor-container elementor-column-gap-default\">\n\t\t\t\t\t<div class=\"elementor-column elementor-col-100 elementor-top-column elementor-element elementor-element-dc0ab29\" data-id=\"dc0ab29\" data-element_type=\"column\" data-e-type=\"column\">\n\t\t\t<div class=\"elementor-widget-wrap elementor-element-populated\">\n\t\t\t\t\t\t<div class=\"elementor-element elementor-element-efc3e52 elementor-widget-divider--view-line elementor-widget elementor-widget-divider\" data-id=\"efc3e52\" data-element_type=\"widget\" data-e-type=\"widget\" data-widget_type=\"divider.default\">\n\t\t\t\t<div class=\"elementor-widget-container\">\n\t\t\t\t\t\t\t<div class=\"elementor-divider\">\n\t\t\t<span class=\"elementor-divider-separator\">\n\t\t\t\t\t\t<\/span>\n\t\t<\/div>\n\t\t\t\t\t\t<\/div>\n\t\t\t\t<\/div>\n\t\t\t\t\t<\/div>\n\t\t<\/div>\n\t\t\t\t\t<\/div>\n\t\t<\/section>\n\t\t\t\t<section class=\"elementor-section elementor-top-section elementor-element elementor-element-3bd12be elementor-section-boxed elementor-section-height-default elementor-section-height-default\" data-id=\"3bd12be\" data-element_type=\"section\" data-e-type=\"section\">\n\t\t\t\t\t\t<div class=\"elementor-container elementor-column-gap-default\">\n\t\t\t\t\t<div class=\"elementor-column elementor-col-33 elementor-top-column elementor-element elementor-element-80ce605\" data-id=\"80ce605\" data-element_type=\"column\" data-e-type=\"column\">\n\t\t\t<div class=\"elementor-widget-wrap elementor-element-populated\">\n\t\t\t\t\t\t<div class=\"elementor-element elementor-element-baa2c40 elementor-invisible elementor-widget elementor-widget-image\" data-id=\"baa2c40\" data-element_type=\"widget\" data-e-type=\"widget\" data-settings=\"{&quot;_animation&quot;:&quot;fadeInLeft&quot;}\" data-widget_type=\"image.default\">\n\t\t\t\t<div class=\"elementor-widget-container\">\n\t\t\t\t\t\t\t\t\t\t\t\t\t\t\t\t<a href=\"http:\/\/nejikanbonsai.fr\/wp-content\/uploads\/2020\/05\/travaux-et-soins-sur-le-bonsai\u0308.pdf\">\n\t\t\t\t\t\t\t<img decoding=\"async\" width=\"888\" height=\"335\" src=\"https:\/\/nejikanbonsai.fr\/wp-content\/uploads\/2020\/05\/titre-calendar1.jpg\" class=\"attachment-full size-full wp-image-494\" alt=\"\" srcset=\"https:\/\/nejikanbonsai.fr\/wp-content\/uploads\/2020\/05\/titre-calendar1.jpg 888w, https:\/\/nejikanbonsai.fr\/wp-content\/uploads\/2020\/05\/titre-calendar1-300x113.jpg 300w, https:\/\/nejikanbonsai.fr\/wp-content\/uploads\/2020\/05\/titre-calendar1-768x290.jpg 768w, https:\/\/nejikanbonsai.fr\/wp-content\/uploads\/2020\/05\/titre-calendar1-600x226.jpg 600w\" sizes=\"(max-width: 888px) 100vw, 888px\" \/>\t\t\t\t\t\t\t\t<\/a>\n\t\t\t\t\t\t\t\t\t\t\t\t\t\t\t<\/div>\n\t\t\t\t<\/div>\n\t\t\t\t\t<\/div>\n\t\t<\/div>\n\t\t\t\t<div class=\"elementor-column elementor-col-33 elementor-top-column elementor-element elementor-element-c1c566f\" data-id=\"c1c566f\" data-element_type=\"column\" data-e-type=\"column\">\n\t\t\t<div class=\"elementor-widget-wrap elementor-element-populated\">\n\t\t\t\t\t\t<div class=\"elementor-element elementor-element-3381981 elementor-invisible elementor-widget elementor-widget-text-editor\" data-id=\"3381981\" data-element_type=\"widget\" data-e-type=\"widget\" data-settings=\"{&quot;_animation&quot;:&quot;fadeInRight&quot;}\" data-widget_type=\"text-editor.default\">\n\t\t\t\t<div class=\"elementor-widget-container\">\n\t\t\t\t\t\t\t\t\t<h4><span style=\"color: #333333;\">Ce fichier est un condens\u00e9 des choses que l&rsquo;on pratique sur le bonsa\u00ef.<\/span><\/h4>\t\t\t\t\t\t\t\t<\/div>\n\t\t\t\t<\/div>\n\t\t\t\t\t<\/div>\n\t\t<\/div>\n\t\t\t\t<div class=\"elementor-column elementor-col-33 elementor-top-column elementor-element elementor-element-493b741\" data-id=\"493b741\" data-element_type=\"column\" data-e-type=\"column\">\n\t\t\t<div class=\"elementor-widget-wrap\">\n\t\t\t\t\t\t\t<\/div>\n\t\t<\/div>\n\t\t\t\t\t<\/div>\n\t\t<\/section>\n\t\t\t\t<section class=\"elementor-section elementor-top-section elementor-element elementor-element-0ac6a1e elementor-section-boxed elementor-section-height-default elementor-section-height-default\" data-id=\"0ac6a1e\" data-element_type=\"section\" data-e-type=\"section\">\n\t\t\t\t\t\t<div class=\"elementor-container elementor-column-gap-default\">\n\t\t\t\t\t<div class=\"elementor-column elementor-col-100 elementor-top-column elementor-element elementor-element-f455f30\" data-id=\"f455f30\" data-element_type=\"column\" data-e-type=\"column\">\n\t\t\t<div class=\"elementor-widget-wrap elementor-element-populated\">\n\t\t\t\t\t\t<div class=\"elementor-element elementor-element-5365d95 elementor-widget-divider--view-line elementor-widget elementor-widget-divider\" data-id=\"5365d95\" data-element_type=\"widget\" data-e-type=\"widget\" data-widget_type=\"divider.default\">\n\t\t\t\t<div class=\"elementor-widget-container\">\n\t\t\t\t\t\t\t<div class=\"elementor-divider\">\n\t\t\t<span class=\"elementor-divider-separator\">\n\t\t\t\t\t\t<\/span>\n\t\t<\/div>\n\t\t\t\t\t\t<\/div>\n\t\t\t\t<\/div>\n\t\t\t\t\t<\/div>\n\t\t<\/div>\n\t\t\t\t\t<\/div>\n\t\t<\/section>\n\t\t\t\t<section class=\"elementor-section elementor-top-section elementor-element elementor-element-839c576 elementor-section-boxed elementor-section-height-default elementor-section-height-default\" data-id=\"839c576\" data-element_type=\"section\" data-e-type=\"section\">\n\t\t\t\t\t\t<div class=\"elementor-container elementor-column-gap-default\">\n\t\t\t\t\t<div class=\"elementor-column elementor-col-33 elementor-top-column elementor-element elementor-element-188c391\" data-id=\"188c391\" data-element_type=\"column\" data-e-type=\"column\">\n\t\t\t<div class=\"elementor-widget-wrap elementor-element-populated\">\n\t\t\t\t\t\t<div class=\"elementor-element elementor-element-054d1c7 elementor-invisible elementor-widget elementor-widget-image\" data-id=\"054d1c7\" data-element_type=\"widget\" data-e-type=\"widget\" data-settings=\"{&quot;_animation&quot;:&quot;fadeInLeft&quot;}\" data-widget_type=\"image.default\">\n\t\t\t\t<div class=\"elementor-widget-container\">\n\t\t\t\t\t\t\t\t\t\t\t\t\t\t\t\t<a href=\"http:\/\/nejikanbonsai.fr\/wp-content\/uploads\/2020\/05\/Essences-interessentes-en-bonsai\u0308-1.pdf\">\n\t\t\t\t\t\t\t<img loading=\"lazy\" decoding=\"async\" width=\"888\" height=\"335\" src=\"https:\/\/nejikanbonsai.fr\/wp-content\/uploads\/2020\/05\/essences-interessantes-en-bonsai.jpg\" class=\"attachment-full size-full wp-image-539\" alt=\"\" srcset=\"https:\/\/nejikanbonsai.fr\/wp-content\/uploads\/2020\/05\/essences-interessantes-en-bonsai.jpg 888w, https:\/\/nejikanbonsai.fr\/wp-content\/uploads\/2020\/05\/essences-interessantes-en-bonsai-300x113.jpg 300w, https:\/\/nejikanbonsai.fr\/wp-content\/uploads\/2020\/05\/essences-interessantes-en-bonsai-768x290.jpg 768w, https:\/\/nejikanbonsai.fr\/wp-content\/uploads\/2020\/05\/essences-interessantes-en-bonsai-600x226.jpg 600w\" sizes=\"(max-width: 888px) 100vw, 888px\" \/>\t\t\t\t\t\t\t\t<\/a>\n\t\t\t\t\t\t\t\t\t\t\t\t\t\t\t<\/div>\n\t\t\t\t<\/div>\n\t\t\t\t\t<\/div>\n\t\t<\/div>\n\t\t\t\t<div class=\"elementor-column elementor-col-33 elementor-top-column elementor-element elementor-element-a2f90d6\" data-id=\"a2f90d6\" data-element_type=\"column\" data-e-type=\"column\">\n\t\t\t<div class=\"elementor-widget-wrap elementor-element-populated\">\n\t\t\t\t\t\t<div class=\"elementor-element elementor-element-364c824 elementor-invisible elementor-widget elementor-widget-text-editor\" data-id=\"364c824\" data-element_type=\"widget\" data-e-type=\"widget\" data-settings=\"{&quot;_animation&quot;:&quot;fadeInRight&quot;}\" data-widget_type=\"text-editor.default\">\n\t\t\t\t<div class=\"elementor-widget-container\">\n\t\t\t\t\t\t\t\t\t<h4><span style=\"color: #333333;\">Ce fichier indique 60 essences adapt\u00e9es pour r\u00e9aliser un bonsa\u00ef.<\/span><\/h4>\t\t\t\t\t\t\t\t<\/div>\n\t\t\t\t<\/div>\n\t\t\t\t\t<\/div>\n\t\t<\/div>\n\t\t\t\t<div class=\"elementor-column elementor-col-33 elementor-top-column elementor-element elementor-element-55c7b04\" data-id=\"55c7b04\" data-element_type=\"column\" data-e-type=\"column\">\n\t\t\t<div class=\"elementor-widget-wrap\">\n\t\t\t\t\t\t\t<\/div>\n\t\t<\/div>\n\t\t\t\t\t<\/div>\n\t\t<\/section>\n\t\t\t\t<\/div>\n\t\t","protected":false},"excerpt":{"rendered":"<p>Ce fichier explique quel type d&rsquo;arbre est adapt\u00e9 pour d\u00e9buter un bonsa\u00ef &nbsp; Ce fichier est un condens\u00e9 des choses que l&rsquo;on pratique sur le bonsa\u00ef. Ce fichier indique 60 essences adapt\u00e9es pour r\u00e9aliser un bonsa\u00ef.<\/p>\n","protected":false},"author":2,"featured_media":0,"parent":0,"menu_order":0,"comment_status":"closed","ping_status":"closed","template":"elementor_header_footer","meta":{"_bbp_topic_count":0,"_bbp_reply_count":0,"_bbp_total_topic_count":0,"_bbp_total_reply_count":0,"_bbp_voice_count":0,"_bbp_anonymous_reply_count":0,"_bbp_topic_count_hidden":0,"_bbp_reply_count_hidden":0,"_bbp_forum_subforum_count":0,"kt_blocks_editor_width":"","footnotes":""},"class_list":["post-63","page","type-page","status-publish","hentry"],"_links":{"self":[{"href":"https:\/\/nejikanbonsai.fr\/index.php\/wp-json\/wp\/v2\/pages\/63","targetHints":{"allow":["GET"]}}],"collection":[{"href":"https:\/\/nejikanbonsai.fr\/index.php\/wp-json\/wp\/v2\/pages"}],"about":[{"href":"https:\/\/nejikanbonsai.fr\/index.php\/wp-json\/wp\/v2\/types\/page"}],"author":[{"embeddable":true,"href":"https:\/\/nejikanbonsai.fr\/index.php\/wp-json\/wp\/v2\/users\/2"}],"replies":[{"embeddable":true,"href":"https:\/\/nejikanbonsai.fr\/index.php\/wp-json\/wp\/v2\/comments?post=63"}],"version-history":[{"count":34,"href":"https:\/\/nejikanbonsai.fr\/index.php\/wp-json\/wp\/v2\/pages\/63\/revisions"}],"predecessor-version":[{"id":939,"href":"https:\/\/nejikanbonsai.fr\/index.php\/wp-json\/wp\/v2\/pages\/63\/revisions\/939"}],"wp:attachment":[{"href":"https:\/\/nejikanbonsai.fr\/index.php\/wp-json\/wp\/v2\/media?parent=63"}],"curies":[{"name":"wp","href":"https:\/\/api.w.org\/{rel}","templated":true}]}}