{"id":806,"date":"2020-10-08T12:54:38","date_gmt":"2020-10-08T10:54:38","guid":{"rendered":"http:\/\/nejikanbonsai.fr\/?page_id=806"},"modified":"2020-10-08T18:41:33","modified_gmt":"2020-10-08T16:41:33","slug":"playlist-de-la-chaine","status":"publish","type":"page","link":"https:\/\/nejikanbonsai.fr\/index.php\/apprendre\/playlist-de-la-chaine\/","title":{"rendered":"Playlist"},"content":{"rendered":"\n<p class=\"has-medium-font-size\"><strong>D\u00e9couvrez comment faire un bonsa\u00ef de qualit\u00e9 avec un \u00e9rable pr\u00e9lev\u00e9 dans un jardin. <\/strong><\/p>\n\n\n\n<figure class=\"wp-block-embed-youtube wp-block-embed is-type-video is-provider-youtube wp-embed-aspect-16-9 wp-has-aspect-ratio\"><div class=\"wp-block-embed__wrapper\">\n<iframe  id=\"_ytid_86864\"  width=\"700\" height=\"393\"  data-origwidth=\"700\" data-origheight=\"393\" src=\"https:\/\/www.youtube.com\/embed\/?enablejsapi=1&#038;list=PLG8vpRqu5EU21cW6q73TmxYV2-GPEvZKj&#038;autoplay=0&#038;cc_load_policy=0&#038;cc_lang_pref=&#038;iv_load_policy=1&#038;loop=0&#038;rel=1&#038;fs=1&#038;playsinline=0&#038;autohide=2&#038;theme=dark&#038;color=white&#038;controls=1&#038;\" class=\"__youtube_prefs__  epyt-is-override  no-lazyload\" title=\"YouTube player\"  allow=\"fullscreen; accelerometer; autoplay; clipboard-write; encrypted-media; gyroscope; picture-in-picture\" allowfullscreen data-no-lazy=\"1\" data-skipgform_ajax_framebjll=\"\"><\/iframe>\n<\/div><\/figure>\n\n\n\n<p class=\"has-medium-font-size\"><strong>Quelques vid\u00e9os du NEJIKAN CLUB en public.<\/strong><\/p>\n\n\n\n<figure class=\"wp-block-embed-youtube wp-block-embed is-type-video is-provider-youtube wp-embed-aspect-16-9 wp-has-aspect-ratio\"><div class=\"wp-block-embed__wrapper\">\n<iframe  id=\"_ytid_61142\"  width=\"700\" height=\"393\"  data-origwidth=\"700\" data-origheight=\"393\" src=\"https:\/\/www.youtube.com\/embed\/?enablejsapi=1&#038;list=PLG8vpRqu5EU33whxMqHV1xBZ4P2nzE8wx&#038;autoplay=0&#038;cc_load_policy=0&#038;cc_lang_pref=&#038;iv_load_policy=1&#038;loop=0&#038;rel=1&#038;fs=1&#038;playsinline=0&#038;autohide=2&#038;theme=dark&#038;color=white&#038;controls=1&#038;\" class=\"__youtube_prefs__  epyt-is-override  no-lazyload\" title=\"YouTube player\"  allow=\"fullscreen; accelerometer; autoplay; clipboard-write; encrypted-media; gyroscope; picture-in-picture\" allowfullscreen data-no-lazy=\"1\" data-skipgform_ajax_framebjll=\"\"><\/iframe>\n<\/div><\/figure>\n\n\n\n<p class=\"has-medium-font-size\"><strong>Une des premi\u00e8res s\u00e9ries de la cha\u00eene sur l&rsquo;Orme de Chine achet\u00e9 en supermarch\u00e9. <\/strong><\/p>\n\n\n\n<figure class=\"wp-block-embed-youtube wp-block-embed is-type-video is-provider-youtube wp-embed-aspect-16-9 wp-has-aspect-ratio\"><div class=\"wp-block-embed__wrapper\">\n<iframe  id=\"_ytid_10266\"  width=\"700\" height=\"393\"  data-origwidth=\"700\" data-origheight=\"393\" src=\"https:\/\/www.youtube.com\/embed\/?enablejsapi=1&#038;list=PLG8vpRqu5EU37NHYQOZinBJfH0ubEtIdv&#038;autoplay=0&#038;cc_load_policy=0&#038;cc_lang_pref=&#038;iv_load_policy=1&#038;loop=0&#038;rel=1&#038;fs=1&#038;playsinline=0&#038;autohide=2&#038;theme=dark&#038;color=white&#038;controls=1&#038;\" class=\"__youtube_prefs__  epyt-is-override  no-lazyload\" title=\"YouTube player\"  allow=\"fullscreen; accelerometer; autoplay; clipboard-write; encrypted-media; gyroscope; picture-in-picture\" allowfullscreen data-no-lazy=\"1\" data-skipgform_ajax_framebjll=\"\"><\/iframe>\n<\/div><\/figure>\n\n\n\n<p class=\"has-medium-font-size\"><strong>Tous les trucs et astuces pour vous faciliter la t\u00e2che quand vous faites du bonsa\u00ef. <\/strong><\/p>\n\n\n\n<figure class=\"wp-block-embed-youtube wp-block-embed is-type-video is-provider-youtube wp-embed-aspect-16-9 wp-has-aspect-ratio\"><div class=\"wp-block-embed__wrapper\">\n<iframe  id=\"_ytid_39750\"  width=\"700\" height=\"393\"  data-origwidth=\"700\" data-origheight=\"393\" src=\"https:\/\/www.youtube.com\/embed\/?enablejsapi=1&#038;list=PLG8vpRqu5EU3DAbMU-PfgV4D_95GET-Nl&#038;autoplay=0&#038;cc_load_policy=0&#038;cc_lang_pref=&#038;iv_load_policy=1&#038;loop=0&#038;rel=1&#038;fs=1&#038;playsinline=0&#038;autohide=2&#038;theme=dark&#038;color=white&#038;controls=1&#038;\" class=\"__youtube_prefs__  epyt-is-override  no-lazyload\" title=\"YouTube player\"  allow=\"fullscreen; accelerometer; autoplay; clipboard-write; encrypted-media; gyroscope; picture-in-picture\" allowfullscreen data-no-lazy=\"1\" data-skipgform_ajax_framebjll=\"\"><\/iframe>\n<\/div><\/figure>\n\n\n\n<p>Cr\u00e9er des bonsa\u00efs avec des boutures des Coton\u00e9asters. <\/p>\n\n\n\n<figure class=\"wp-block-embed-youtube wp-block-embed is-type-video is-provider-youtube wp-embed-aspect-16-9 wp-has-aspect-ratio\"><div class=\"wp-block-embed__wrapper\">\n<iframe  id=\"_ytid_38936\"  width=\"700\" height=\"393\"  data-origwidth=\"700\" data-origheight=\"393\" src=\"https:\/\/www.youtube.com\/embed\/?enablejsapi=1&#038;list=PLG8vpRqu5EU17WuLBvJa_ukEPv079ZpSE&#038;autoplay=0&#038;cc_load_policy=0&#038;cc_lang_pref=&#038;iv_load_policy=1&#038;loop=0&#038;rel=1&#038;fs=1&#038;playsinline=0&#038;autohide=2&#038;theme=dark&#038;color=white&#038;controls=1&#038;\" class=\"__youtube_prefs__  epyt-is-override  no-lazyload\" title=\"YouTube player\"  allow=\"fullscreen; accelerometer; autoplay; clipboard-write; encrypted-media; gyroscope; picture-in-picture\" allowfullscreen data-no-lazy=\"1\" data-skipgform_ajax_framebjll=\"\"><\/iframe>\n<\/div><\/figure>\n\n\n\n<p class=\"has-medium-font-size\"><strong>Voici la playlist du Plateau 3B, tourn\u00e9e chez Gaby Becker sous sa direction. <\/strong><\/p>\n\n\n\n<figure class=\"wp-block-embed-youtube wp-block-embed is-type-video is-provider-youtube wp-embed-aspect-16-9 wp-has-aspect-ratio\"><div class=\"wp-block-embed__wrapper\">\n<iframe  id=\"_ytid_31379\"  width=\"700\" height=\"393\"  data-origwidth=\"700\" data-origheight=\"393\" src=\"https:\/\/www.youtube.com\/embed\/?enablejsapi=1&#038;list=PLG8vpRqu5EU2NyCe0ef8EHMbZ41PLokw7&#038;autoplay=0&#038;cc_load_policy=0&#038;cc_lang_pref=&#038;iv_load_policy=1&#038;loop=0&#038;rel=1&#038;fs=1&#038;playsinline=0&#038;autohide=2&#038;theme=dark&#038;color=white&#038;controls=1&#038;\" class=\"__youtube_prefs__  epyt-is-override  no-lazyload\" title=\"YouTube player\"  allow=\"fullscreen; accelerometer; autoplay; clipboard-write; encrypted-media; gyroscope; picture-in-picture\" allowfullscreen data-no-lazy=\"1\" data-skipgform_ajax_framebjll=\"\"><\/iframe>\n<\/div><\/figure>\n\n\n\n<p class=\"has-medium-font-size\"><strong>Suivez nous dans notre voyage au Japon en consultant cette playlist.<\/strong><\/p>\n\n\n\n<figure class=\"wp-block-embed-youtube wp-block-embed is-type-video is-provider-youtube wp-embed-aspect-16-9 wp-has-aspect-ratio\"><div class=\"wp-block-embed__wrapper\">\n<iframe  id=\"_ytid_75314\"  width=\"700\" height=\"393\"  data-origwidth=\"700\" data-origheight=\"393\" src=\"https:\/\/www.youtube.com\/embed\/?enablejsapi=1&#038;list=PLG8vpRqu5EU3YnjpJX-uQf2zoYqqGabnv&#038;autoplay=0&#038;cc_load_policy=0&#038;cc_lang_pref=&#038;iv_load_policy=1&#038;loop=0&#038;rel=1&#038;fs=1&#038;playsinline=0&#038;autohide=2&#038;theme=dark&#038;color=white&#038;controls=1&#038;\" class=\"__youtube_prefs__  epyt-is-override  no-lazyload\" title=\"YouTube player\"  allow=\"fullscreen; accelerometer; autoplay; clipboard-write; encrypted-media; gyroscope; picture-in-picture\" allowfullscreen data-no-lazy=\"1\" data-skipgform_ajax_framebjll=\"\"><\/iframe>\n<\/div><\/figure>\n\n\n\n<p class=\"has-medium-font-size\"><strong>Pour les d\u00e9butants, vous avez une belle s\u00e9ries de vid\u00e9os \u00e0 consulter<\/strong><\/p>\n\n\n\n<figure class=\"wp-block-embed-youtube wp-block-embed is-type-video is-provider-youtube wp-embed-aspect-16-9 wp-has-aspect-ratio\"><div class=\"wp-block-embed__wrapper\">\n<iframe  id=\"_ytid_99347\"  width=\"700\" height=\"393\"  data-origwidth=\"700\" data-origheight=\"393\" src=\"https:\/\/www.youtube.com\/embed\/?enablejsapi=1&#038;list=PLG8vpRqu5EU1OV-4yK0jtljaOIqnDUXuI&#038;autoplay=0&#038;cc_load_policy=0&#038;cc_lang_pref=&#038;iv_load_policy=1&#038;loop=0&#038;rel=1&#038;fs=1&#038;playsinline=0&#038;autohide=2&#038;theme=dark&#038;color=white&#038;controls=1&#038;\" class=\"__youtube_prefs__  epyt-is-override  no-lazyload\" title=\"YouTube player\"  allow=\"fullscreen; accelerometer; autoplay; clipboard-write; encrypted-media; gyroscope; picture-in-picture\" allowfullscreen data-no-lazy=\"1\" data-skipgform_ajax_framebjll=\"\"><\/iframe>\n<\/div><\/figure>\n\n\n\n<p class=\"has-medium-font-size\"><strong>Les outils pour faire du bonsa\u00ef.<\/strong><\/p>\n\n\n\n<figure class=\"wp-block-embed-youtube wp-block-embed is-type-video is-provider-youtube wp-embed-aspect-16-9 wp-has-aspect-ratio\"><div class=\"wp-block-embed__wrapper\">\n<iframe  id=\"_ytid_88163\"  width=\"700\" height=\"393\"  data-origwidth=\"700\" data-origheight=\"393\" src=\"https:\/\/www.youtube.com\/embed\/?enablejsapi=1&#038;list=PLG8vpRqu5EU2SGnWNVPeWM4z7pSKCBUZ0&#038;autoplay=0&#038;cc_load_policy=0&#038;cc_lang_pref=&#038;iv_load_policy=1&#038;loop=0&#038;rel=1&#038;fs=1&#038;playsinline=0&#038;autohide=2&#038;theme=dark&#038;color=white&#038;controls=1&#038;\" class=\"__youtube_prefs__  epyt-is-override  no-lazyload\" title=\"YouTube player\"  allow=\"fullscreen; accelerometer; autoplay; clipboard-write; encrypted-media; gyroscope; picture-in-picture\" allowfullscreen data-no-lazy=\"1\" data-skipgform_ajax_framebjll=\"\"><\/iframe>\n<\/div><\/figure>\n\n\n\n<p class=\"has-medium-font-size\"><strong>D\u00e9couvrez le \u00ab\u00a0REFERENTIEL\u00a0\u00bb de la cha\u00eene.<\/strong><\/p>\n\n\n\n<figure class=\"wp-block-embed-youtube wp-block-embed is-type-video is-provider-youtube wp-embed-aspect-16-9 wp-has-aspect-ratio\"><div class=\"wp-block-embed__wrapper\">\n<iframe  id=\"_ytid_11603\"  width=\"700\" height=\"393\"  data-origwidth=\"700\" data-origheight=\"393\" src=\"https:\/\/www.youtube.com\/embed\/?enablejsapi=1&#038;list=PLG8vpRqu5EU3fASoEk9zv9krWRhu9yebe&#038;autoplay=0&#038;cc_load_policy=0&#038;cc_lang_pref=&#038;iv_load_policy=1&#038;loop=0&#038;rel=1&#038;fs=1&#038;playsinline=0&#038;autohide=2&#038;theme=dark&#038;color=white&#038;controls=1&#038;\" class=\"__youtube_prefs__  epyt-is-override  no-lazyload\" title=\"YouTube player\"  allow=\"fullscreen; accelerometer; autoplay; clipboard-write; encrypted-media; gyroscope; picture-in-picture\" allowfullscreen data-no-lazy=\"1\" data-skipgform_ajax_framebjll=\"\"><\/iframe>\n<\/div><\/figure>\n\n\n\n<p class=\"has-medium-font-size\"><strong>D\u00e9couvrez les jardins \u00e0 bonsa\u00ef!<\/strong><\/p>\n\n\n\n<figure class=\"wp-block-embed-youtube wp-block-embed is-type-video is-provider-youtube wp-embed-aspect-16-9 wp-has-aspect-ratio\"><div class=\"wp-block-embed__wrapper\">\n<iframe  id=\"_ytid_57955\"  width=\"700\" height=\"393\"  data-origwidth=\"700\" data-origheight=\"393\" src=\"https:\/\/www.youtube.com\/embed\/?enablejsapi=1&#038;list=PLG8vpRqu5EU0UNoD1AzDDGX4L5yqbm0Xi&#038;autoplay=0&#038;cc_load_policy=0&#038;cc_lang_pref=&#038;iv_load_policy=1&#038;loop=0&#038;rel=1&#038;fs=1&#038;playsinline=0&#038;autohide=2&#038;theme=dark&#038;color=white&#038;controls=1&#038;\" class=\"__youtube_prefs__  epyt-is-override  no-lazyload\" title=\"YouTube player\"  allow=\"fullscreen; accelerometer; autoplay; clipboard-write; encrypted-media; gyroscope; picture-in-picture\" allowfullscreen data-no-lazy=\"1\" data-skipgform_ajax_framebjll=\"\"><\/iframe>\n<\/div><\/figure>\n","protected":false},"excerpt":{"rendered":"<p>D\u00e9couvrez comment faire un bonsa\u00ef de qualit\u00e9 avec un \u00e9rable pr\u00e9lev\u00e9 dans un jardin. Quelques vid\u00e9os du NEJIKAN CLUB en public. Une des premi\u00e8res s\u00e9ries de la cha\u00eene sur l&rsquo;Orme de Chine achet\u00e9 en supermarch\u00e9. Tous les trucs et astuces &hellip; <a class=\"kt-excerpt-readmore more-link\" href=\"https:\/\/nejikanbonsai.fr\/index.php\/apprendre\/playlist-de-la-chaine\/\">Lire la suite<\/a><\/p>\n","protected":false},"author":4,"featured_media":0,"parent":63,"menu_order":0,"comment_status":"closed","ping_status":"closed","template":"","meta":{"_bbp_topic_count":0,"_bbp_reply_count":0,"_bbp_total_topic_count":0,"_bbp_total_reply_count":0,"_bbp_voice_count":0,"_bbp_anonymous_reply_count":0,"_bbp_topic_count_hidden":0,"_bbp_reply_count_hidden":0,"_bbp_forum_subforum_count":0,"kt_blocks_editor_width":"","footnotes":""},"class_list":["post-806","page","type-page","status-publish","hentry"],"_links":{"self":[{"href":"https:\/\/nejikanbonsai.fr\/index.php\/wp-json\/wp\/v2\/pages\/806","targetHints":{"allow":["GET"]}}],"collection":[{"href":"https:\/\/nejikanbonsai.fr\/index.php\/wp-json\/wp\/v2\/pages"}],"about":[{"href":"https:\/\/nejikanbonsai.fr\/index.php\/wp-json\/wp\/v2\/types\/page"}],"author":[{"embeddable":true,"href":"https:\/\/nejikanbonsai.fr\/index.php\/wp-json\/wp\/v2\/users\/4"}],"replies":[{"embeddable":true,"href":"https:\/\/nejikanbonsai.fr\/index.php\/wp-json\/wp\/v2\/comments?post=806"}],"version-history":[{"count":16,"href":"https:\/\/nejikanbonsai.fr\/index.php\/wp-json\/wp\/v2\/pages\/806\/revisions"}],"predecessor-version":[{"id":891,"href":"https:\/\/nejikanbonsai.fr\/index.php\/wp-json\/wp\/v2\/pages\/806\/revisions\/891"}],"up":[{"embeddable":true,"href":"https:\/\/nejikanbonsai.fr\/index.php\/wp-json\/wp\/v2\/pages\/63"}],"wp:attachment":[{"href":"https:\/\/nejikanbonsai.fr\/index.php\/wp-json\/wp\/v2\/media?parent=806"}],"curies":[{"name":"wp","href":"https:\/\/api.w.org\/{rel}","templated":true}]}}