{"id":93,"date":"2020-05-20T21:25:35","date_gmt":"2020-05-20T19:25:35","guid":{"rendered":"http:\/\/nejikanbonsai.fr\/?page_id=93"},"modified":"2020-06-01T22:04:38","modified_gmt":"2020-06-01T20:04:38","slug":"http-www-youtube-com-c-nejikanbonsai","status":"publish","type":"page","link":"https:\/\/nejikanbonsai.fr\/index.php\/http-www-youtube-com-c-nejikanbonsai\/","title":{"rendered":"YouTube"},"content":{"rendered":"\t\t<div data-elementor-type=\"wp-page\" data-elementor-id=\"93\" class=\"elementor elementor-93\">\n\t\t\t\t\t\t<section class=\"elementor-section elementor-top-section elementor-element elementor-element-24322d7 elementor-section-boxed elementor-section-height-default elementor-section-height-default\" data-id=\"24322d7\" data-element_type=\"section\" data-e-type=\"section\">\n\t\t\t\t\t\t<div class=\"elementor-container elementor-column-gap-default\">\n\t\t\t\t\t<div class=\"elementor-column elementor-col-100 elementor-top-column elementor-element elementor-element-9a5ca13\" data-id=\"9a5ca13\" data-element_type=\"column\" data-e-type=\"column\">\n\t\t\t<div class=\"elementor-widget-wrap elementor-element-populated\">\n\t\t\t\t\t\t<div class=\"elementor-element elementor-element-d715f5b elementor-widget elementor-widget-spacer\" data-id=\"d715f5b\" data-element_type=\"widget\" data-e-type=\"widget\" data-widget_type=\"spacer.default\">\n\t\t\t\t<div class=\"elementor-widget-container\">\n\t\t\t\t\t\t\t<div class=\"elementor-spacer\">\n\t\t\t<div class=\"elementor-spacer-inner\"><\/div>\n\t\t<\/div>\n\t\t\t\t\t\t<\/div>\n\t\t\t\t<\/div>\n\t\t\t\t\t<\/div>\n\t\t<\/div>\n\t\t\t\t\t<\/div>\n\t\t<\/section>\n\t\t\t\t<section class=\"elementor-section elementor-top-section elementor-element elementor-element-51017ef4 elementor-section-boxed elementor-section-height-default elementor-section-height-default\" data-id=\"51017ef4\" data-element_type=\"section\" data-e-type=\"section\">\n\t\t\t\t\t\t<div class=\"elementor-container elementor-column-gap-default\">\n\t\t\t\t\t<div class=\"elementor-column elementor-col-100 elementor-top-column elementor-element elementor-element-bae05fb\" data-id=\"bae05fb\" data-element_type=\"column\" data-e-type=\"column\">\n\t\t\t<div class=\"elementor-widget-wrap elementor-element-populated\">\n\t\t\t\t\t\t<div class=\"elementor-element elementor-element-2960706 elementor-invisible elementor-widget elementor-widget-image\" data-id=\"2960706\" data-element_type=\"widget\" data-e-type=\"widget\" data-settings=\"{&quot;_animation&quot;:&quot;fadeIn&quot;}\" data-widget_type=\"image.default\">\n\t\t\t\t<div class=\"elementor-widget-container\">\n\t\t\t\t\t\t\t\t\t\t\t\t\t\t\t<img fetchpriority=\"high\" decoding=\"async\" width=\"768\" height=\"723\" src=\"https:\/\/nejikanbonsai.fr\/wp-content\/uploads\/2020\/06\/98195101_30631194737261406_2848974759465582592_n-copie-768x723.png\" class=\"attachment-medium_large size-medium_large wp-image-588\" alt=\"\" srcset=\"https:\/\/nejikanbonsai.fr\/wp-content\/uploads\/2020\/06\/98195101_30631194737261406_2848974759465582592_n-copie-768x723.png 768w, https:\/\/nejikanbonsai.fr\/wp-content\/uploads\/2020\/06\/98195101_30631194737261406_2848974759465582592_n-copie-300x282.png 300w, https:\/\/nejikanbonsai.fr\/wp-content\/uploads\/2020\/06\/98195101_30631194737261406_2848974759465582592_n-copie-1024x964.png 1024w, https:\/\/nejikanbonsai.fr\/wp-content\/uploads\/2020\/06\/98195101_30631194737261406_2848974759465582592_n-copie-1536x1445.png 1536w, https:\/\/nejikanbonsai.fr\/wp-content\/uploads\/2020\/06\/98195101_30631194737261406_2848974759465582592_n-copie-2048x1927.png 2048w, https:\/\/nejikanbonsai.fr\/wp-content\/uploads\/2020\/06\/98195101_30631194737261406_2848974759465582592_n-copie-600x565.png 600w\" sizes=\"(max-width: 768px) 100vw, 768px\" \/>\t\t\t\t\t\t\t\t\t\t\t\t\t\t\t<\/div>\n\t\t\t\t<\/div>\n\t\t\t\t\t<\/div>\n\t\t<\/div>\n\t\t\t\t<div class=\"elementor-column elementor-col-100 elementor-top-column elementor-element elementor-element-7b96ffe9\" data-id=\"7b96ffe9\" data-element_type=\"column\" data-e-type=\"column\">\n\t\t\t<div class=\"elementor-widget-wrap elementor-element-populated\">\n\t\t\t\t\t\t<div class=\"elementor-element elementor-element-2e61142d elementor-widget elementor-widget-text-editor\" data-id=\"2e61142d\" data-element_type=\"widget\" data-e-type=\"widget\" data-widget_type=\"text-editor.default\">\n\t\t\t\t<div class=\"elementor-widget-container\">\n\t\t\t\t\t\t\t\t\t<p><\/p>\n<p><br \/><br \/><br \/><br \/><a href=\"http:\/\/www.youtube.com\/c\/NEJIKANBONSAI\" target=\"_blank\" rel=\"noreferrer noopener\">NEJIKAN BONSAI<\/a> est une cha\u00eene pour apprendre l&rsquo;art du bonsa\u00ef.<\/p>\n<p><\/p>\n<p><\/p>\n<p>Je vous invite \u00e0 parcourir l&rsquo;onglet \u00ab\u00a0<a href=\"https:\/\/www.youtube.com\/channel\/UC3WbaVlXKbwDJQYq60ZqQbA\/playlists\" target=\"_blank\" rel=\"noreferrer noopener\">PLAYLIST<\/a>\u00a0\u00bb et d\u00e9couvrir toutes mes astuces et informations pour vous lancer dans l&rsquo;art du bonsa\u00ef.<br \/>Je sais que vous \u00eates tr\u00e8s nombreux seuls dans votre coin, passionn\u00e9s par cet art difficile \u00e0 maitriser.<br \/>Familiarisez-vous avec la culture, l&rsquo;entretien et l&rsquo;\u00e9laboration d&rsquo;un bonsa\u00ef. Partagez et montrez ces vid\u00e9os dans vos clubs ou vos groupes d&rsquo;amis.<\/p>\n<p><\/p>\n<p><\/p>\n<p>En passant par l&rsquo;onglet <a href=\"https:\/\/www.youtube.com\/channel\/UC3WbaVlXKbwDJQYq60ZqQbA\/community?view_as=subscriber\" target=\"_blank\" rel=\"noreferrer noopener\">\u00ab\u00a0COMMUNAUT\u00c9\u00a0\u00bb<\/a> de la cha\u00eene, vous avez toutes les communications au public et aux membres du <a href=\"https:\/\/www.youtube.com\/channel\/UC3WbaVlXKbwDJQYq60ZqQbA\/join\" target=\"_blank\" rel=\"noreferrer noopener\">NEJIKAN CLUB<\/a>.<\/p>\n<p><\/p>\t\t\t\t\t\t\t\t<\/div>\n\t\t\t\t<\/div>\n\t\t\t\t\t<\/div>\n\t\t<\/div>\n\t\t\t\t\t<\/div>\n\t\t<\/section>\n\t\t\t\t<\/div>\n\t\t","protected":false},"excerpt":{"rendered":"<p>NEJIKAN BONSAI est une cha\u00eene pour apprendre l&rsquo;art du bonsa\u00ef. Je vous invite \u00e0 parcourir l&rsquo;onglet \u00ab\u00a0PLAYLIST\u00a0\u00bb et d\u00e9couvrir toutes mes astuces et informations pour vous lancer dans l&rsquo;art du bonsa\u00ef.Je sais que vous \u00eates tr\u00e8s nombreux seuls dans votre &hellip; <a class=\"kt-excerpt-readmore more-link\" href=\"https:\/\/nejikanbonsai.fr\/index.php\/http-www-youtube-com-c-nejikanbonsai\/\">Lire la suite<\/a><\/p>\n","protected":false},"author":2,"featured_media":0,"parent":0,"menu_order":0,"comment_status":"closed","ping_status":"closed","template":"","meta":{"_bbp_topic_count":0,"_bbp_reply_count":0,"_bbp_total_topic_count":0,"_bbp_total_reply_count":0,"_bbp_voice_count":0,"_bbp_anonymous_reply_count":0,"_bbp_topic_count_hidden":0,"_bbp_reply_count_hidden":0,"_bbp_forum_subforum_count":0,"kt_blocks_editor_width":"","footnotes":""},"class_list":["post-93","page","type-page","status-publish","hentry"],"_links":{"self":[{"href":"https:\/\/nejikanbonsai.fr\/index.php\/wp-json\/wp\/v2\/pages\/93","targetHints":{"allow":["GET"]}}],"collection":[{"href":"https:\/\/nejikanbonsai.fr\/index.php\/wp-json\/wp\/v2\/pages"}],"about":[{"href":"https:\/\/nejikanbonsai.fr\/index.php\/wp-json\/wp\/v2\/types\/page"}],"author":[{"embeddable":true,"href":"https:\/\/nejikanbonsai.fr\/index.php\/wp-json\/wp\/v2\/users\/2"}],"replies":[{"embeddable":true,"href":"https:\/\/nejikanbonsai.fr\/index.php\/wp-json\/wp\/v2\/comments?post=93"}],"version-history":[{"count":14,"href":"https:\/\/nejikanbonsai.fr\/index.php\/wp-json\/wp\/v2\/pages\/93\/revisions"}],"predecessor-version":[{"id":591,"href":"https:\/\/nejikanbonsai.fr\/index.php\/wp-json\/wp\/v2\/pages\/93\/revisions\/591"}],"wp:attachment":[{"href":"https:\/\/nejikanbonsai.fr\/index.php\/wp-json\/wp\/v2\/media?parent=93"}],"curies":[{"name":"wp","href":"https:\/\/api.w.org\/{rel}","templated":true}]}}